{"id":6,"date":"2016-05-17T20:42:30","date_gmt":"2016-05-17T19:42:30","guid":{"rendered":"https:\/\/www.azurdevisdemenagement.com\/?page_id=6"},"modified":"2022-04-20T22:08:27","modified_gmt":"2022-04-20T21:08:27","slug":"demenageur","status":"publish","type":"page","link":"https:\/\/www.azurdevisdemenagement.com\/","title":{"rendered":"Azur Devis demenagement"},"content":{"rendered":"<h2>Mener \u00e0 bien un d\u00e9m\u00e9nagement n\u2019a jamais \u00e9t\u00e9 une t\u00e2che facile<\/h2>\n<p>Pour y rem\u00e9dier, il est important d\u2019obtenir un devis de d\u00e9m\u00e9nagement gratuit aupr\u00e8s des certaines agences de d\u00e9m\u00e9nagement.<\/p>\n<p>Il est possible d\u2019effectuer le d\u00e9m\u00e9nagement\u00a0en deux fa\u00e7ons, soit la personne demande les services d\u2019un d\u00e9m\u00e9nageur\u00a0, soit elle effectue elle-m\u00eame toute les taches relier au d\u00e9m\u00e9nagement. Dans la premi\u00e8re, c\u2019est le <a href=\"https:\/\/demenageur.com\">d\u00e9m\u00e9nageur<\/a> qui prend en charge de l\u2019ex\u00e9cution de tous les travaux. Cela depuis la mise en carton de d\u00e9m\u00e9nagement\u00a0jusqu\u2019au d\u00e9ballage de ces cartons dans le logement futur. Alors que dans le second, c\u2019est la personne elle-m\u00eame qui assure : la d\u00e9sinstallation de tous les appareils \u00e9lectrom\u00e9nagers, l\u2019emballage des biens qui peuvent \u00eatre mis en carton, l\u2019\u00e9vacuation de ces derniers dans le camion de d\u00e9m\u00e9nagement, le transport de ces affaires, ainsi que le d\u00e9ballage des cartons de d\u00e9m\u00e9nagement. Dans le cas o\u00f9 la personne d\u00e9cide, de faire elle-m\u00eame tous les travaux, l\u2019\u00e9tat des affaires n\u2019est en aucun cas assurer. Elle doit faire de son mieux pour que tout se passe bien durant tous les proc\u00e9dures de d\u00e9m\u00e9nagement. Alors qu\u2019avec un d\u00e9m\u00e9nageur, elle ne s\u2019occupe que de la d\u00e9sinstallation des mat\u00e9riels et c\u2019est tout. En plus de cela, le d\u00e9m\u00e9nageur assure toutes les t\u00e2ches avec d\u00e9licatesse, expertise, conviction et attention. Avec toutes ces qualit\u00e9s, les cartons de d\u00e9m\u00e9nagement arriveront sur place intacte, sans d\u00e9gradation.<\/p>\n<h2>Qu\u2019est-ce qui incitent les gens \u00e0 d\u00e9m\u00e9nager ?<\/h2>\n<p>Plusieurs sont les raisons qui poussent les gens \u00e0 r\u00e9aliser un d\u00e9m\u00e9nagement. Les plus connus ainsi que fr\u00e9quents sont l\u2019expatriation, le nouveau poste dans le travail, des confusions ainsi que la croissance de la famille. Dans la qu\u00eate de nouvelle activit\u00e9, les gens d\u00e9cident de s\u2019expatrier vers une autre r\u00e9gion, l\u00e0 o\u00f9 l\u2019activit\u00e9 en question rapporte plus que celle de la r\u00e9gion actuelle. Il est aussi possible que la personne a re\u00e7u une promotion dans son travail, mais que cette poste requi\u00e8re un d\u00e9placement. Ce dernier peut \u00eatre au bout de la ville, mais \u00e9galement il peut \u00eatre au bout d\u2019un autre pays. Les confusions peuvent aussi engendrer le d\u00e9m\u00e9nagement, les membres de la famille se d\u00e9chirent et l\u2019une des deux parties doit quitter le domicile. Cette d\u00e9chirure peut bien \u00eatre de simples disputes ou encore un divorce. Le d\u00e9m\u00e9nagement peut \u00eatre caus\u00e9 par l\u2019arriv\u00e9e d\u2019un nouveau-n\u00e9 dans une famille. Parce que le foyer le peut plus contenir tous ceux qui constitue la famille, alors ces personnes se trouvent dans l\u2019obligation de trouver un domicile plus grand qui pourrait contenir la famille enti\u00e8re. Un loyer non pay\u00e9 peut \u00e9galement provoquer un d\u00e9m\u00e9nagement, les personnes impliqu\u00e9es se doivent de trouver un domicile qui correspond \u00e0 leur moyen. En g\u00e9n\u00e9ral, ce sont les principales causes du d\u00e9m\u00e9nagement, mais il existe aussi des gens qui ont juste envie de changer d\u2019environnement ou m\u00eame de d\u00e9cors. Rien ne leur oblige, mais il d\u00e9m\u00e9nage quand m\u00eame. Dans toutes ces \u00e9ventualit\u00e9s, il est imp\u00e9rativement plus conseill\u00e9 de faire appel au service des d\u00e9m\u00e9nageurs qui sont parfaitement ma\u00eetres de l\u2019art de d\u00e9m\u00e9nager.<\/p>\n<h2>Pour un d\u00e9m\u00e9nagement r\u00e9ussi, voil\u00e0 quelques id\u00e9es<\/h2>\n<p>Il est \u00e9vident que pour effectuer un d\u00e9m\u00e9nagement, il est important de le pr\u00e9parer et de l\u2019organiser depuis un long moment. D\u2019abord, il faut choisir l\u2019agence de d\u00e9m\u00e9nagement qui va effectuer tous les travaux. Pour cela, il faut que la personne rende visite \u00e0 diff\u00e9rents agents pour pouvoir en faire une l\u00e9g\u00e8re comparaison. Cette action va l\u2019aider \u00e0 trouver les meilleures offres que ces agences ont propos\u00e9es. Une fois que le choix est fait, inutile de le changer, car cela peut alt\u00e9rer la r\u00e9alisation du d\u00e9m\u00e9nagement proprement dit. Il faut que la personne pr\u00e9sente au d\u00e9m\u00e9nageur la situation et la disposition de la maison actuelles afin qu\u2019il puisse envisager toutes les solutions possibles pour l\u2019\u00e9vacuation des cartons de d\u00e9m\u00e9nagement. Il faut \u00e9galement demander de la part de ces d\u00e9m\u00e9nageurs un devis de d\u00e9m\u00e9nagement. Ce dernier doit contenir toutes les informations concernant les travaux \u00e0 r\u00e9aliser durant tout le d\u00e9m\u00e9nagement. Les tarifs horaires et le co\u00fbt total du d\u00e9m\u00e9nagement doivent aussi \u00eatre inscrits dans ce devis. Afin d\u2019\u00eatre garanti de l\u2019efficacit\u00e9 du d\u00e9m\u00e9nageur, il faut qu\u2019elle s\u2019informe si l\u2019agence de celui-ci est assur\u00e9e ou non. Dans le cas o\u00f9 la personne se charge elle-m\u00eame des t\u00e2ches en conduisant la voiture de d\u00e9m\u00e9nagement, elle doit \u00eatre certaine de poss\u00e9der tous les documents n\u00e9cessaires pour la conduite du v\u00e9hicule en question.<\/p>\n","protected":false},"excerpt":{"rendered":"<p>Mener \u00e0 bien un d\u00e9m\u00e9nagement n\u2019a jamais \u00e9t\u00e9 une t\u00e2che facile Pour y rem\u00e9dier, il est important d\u2019obtenir un devis de d\u00e9m\u00e9nagement gratuit aupr\u00e8s des certaines agences de d\u00e9m\u00e9nagement. Il est possible d\u2019effectuer le d\u00e9m\u00e9nagement\u00a0en deux fa\u00e7ons, soit la personne demande les services d\u2019un d\u00e9m\u00e9nageur\u00a0, soit elle effectue elle-m\u00eame toute les taches relier au d\u00e9m\u00e9nagement. &hellip; <a href=\"https:\/\/www.azurdevisdemenagement.com\/\" class=\"more-link\">Continuer la lecture de <span class=\"screen-reader-text\">Azur Devis demenagement<\/span> <span class=\"meta-nav\">&rarr;<\/span><\/a><\/p>\n","protected":false},"author":1,"featured_media":0,"parent":0,"menu_order":0,"comment_status":"closed","ping_status":"closed","template":"","meta":{"_seopress_robots_primary_cat":"","_seopress_titles_title":"","_seopress_titles_desc":"","_seopress_robots_index":"","footnotes":""},"class_list":["post-6","page","type-page","status-publish","hentry"],"_links":{"self":[{"href":"https:\/\/www.azurdevisdemenagement.com\/index.php\/wp-json\/wp\/v2\/pages\/6","targetHints":{"allow":["GET"]}}],"collection":[{"href":"https:\/\/www.azurdevisdemenagement.com\/index.php\/wp-json\/wp\/v2\/pages"}],"about":[{"href":"https:\/\/www.azurdevisdemenagement.com\/index.php\/wp-json\/wp\/v2\/types\/page"}],"author":[{"embeddable":true,"href":"https:\/\/www.azurdevisdemenagement.com\/index.php\/wp-json\/wp\/v2\/users\/1"}],"replies":[{"embeddable":true,"href":"https:\/\/www.azurdevisdemenagement.com\/index.php\/wp-json\/wp\/v2\/comments?post=6"}],"version-history":[{"count":8,"href":"https:\/\/www.azurdevisdemenagement.com\/index.php\/wp-json\/wp\/v2\/pages\/6\/revisions"}],"predecessor-version":[{"id":20,"href":"https:\/\/www.azurdevisdemenagement.com\/index.php\/wp-json\/wp\/v2\/pages\/6\/revisions\/20"}],"wp:attachment":[{"href":"https:\/\/www.azurdevisdemenagement.com\/index.php\/wp-json\/wp\/v2\/media?parent=6"}],"curies":[{"name":"wp","href":"https:\/\/api.w.org\/{rel}","templated":true}]}}